{"id":1668,"date":"2023-01-11T11:56:28","date_gmt":"2023-01-11T10:56:28","guid":{"rendered":"https:\/\/cacao.si\/cart\/"},"modified":"2026-03-05T08:53:38","modified_gmt":"2026-03-05T07:53:38","slug":"cart","status":"publish","type":"page","link":"https:\/\/cacao.si\/en\/cart\/","title":{"rendered":"Cart"},"content":{"rendered":"\t\t<div data-elementor-type=\"wp-page\" data-elementor-id=\"1668\" class=\"elementor elementor-1668 elementor-132\" data-elementor-post-type=\"page\">\n\t\t\t\t<div class=\"elementor-element elementor-element-1110c734 e-flex e-con-boxed e-con e-parent\" data-id=\"1110c734\" data-element_type=\"container\" data-e-type=\"container\">\n\t\t\t\t\t<div class=\"e-con-inner\">\n\t\t\t\t<div class=\"elementor-element elementor-element-e6fe8be elementor-widget elementor-widget-heading\" data-id=\"e6fe8be\" data-element_type=\"widget\" data-e-type=\"widget\" data-widget_type=\"heading.default\">\n\t\t\t\t\t<h1 class=\"elementor-heading-title elementor-size-default\">Cart<\/h1>\t\t\t\t<\/div>\n\t\t\t\t<div class=\"elementor-element elementor-element-726bd43 elementor-widget-divider--view-line elementor-widget elementor-widget-divider\" data-id=\"726bd43\" data-element_type=\"widget\" data-e-type=\"widget\" data-widget_type=\"divider.default\">\n\t\t\t\t\t\t\t<div class=\"elementor-divider\">\n\t\t\t<span class=\"elementor-divider-separator\">\n\t\t\t\t\t\t<\/span>\n\t\t<\/div>\n\t\t\t\t\t\t<\/div>\n\t\t<div class=\"elementor-element elementor-element-0333fcb e-con-full e-flex e-con e-child\" data-id=\"0333fcb\" data-element_type=\"container\" data-e-type=\"container\">\n\t\t\t\t<div class=\"elementor-element elementor-element-fb21f96 elementor-widget elementor-widget-heading\" data-id=\"fb21f96\" data-element_type=\"widget\" data-e-type=\"widget\" data-widget_type=\"heading.default\">\n\t\t\t\t\t<div class=\"elementor-heading-title elementor-size-default\">Cart<\/div>\t\t\t\t<\/div>\n\t\t\t\t<div class=\"elementor-element elementor-element-f5c4e2c elementor-widget elementor-widget-heading\" data-id=\"f5c4e2c\" data-element_type=\"widget\" data-e-type=\"widget\" data-widget_type=\"heading.default\">\n\t\t\t\t\t<div class=\"elementor-heading-title elementor-size-default\">&gt;<\/div>\t\t\t\t<\/div>\n\t\t\t\t<div class=\"elementor-element elementor-element-2458d2c elementor-widget elementor-widget-heading\" data-id=\"2458d2c\" data-element_type=\"widget\" data-e-type=\"widget\" data-widget_type=\"heading.default\">\n\t\t\t\t\t<div class=\"elementor-heading-title elementor-size-default\"><a href=\"https:\/\/cacao.si\/en\/checkout\/\">Checkout<\/a><\/div>\t\t\t\t<\/div>\n\t\t\t\t<div class=\"elementor-element elementor-element-47e2b9f elementor-widget elementor-widget-heading\" data-id=\"47e2b9f\" data-element_type=\"widget\" data-e-type=\"widget\" data-widget_type=\"heading.default\">\n\t\t\t\t\t<div class=\"elementor-heading-title elementor-size-default\">&gt;<\/div>\t\t\t\t<\/div>\n\t\t\t\t<div class=\"elementor-element elementor-element-c10dc12 elementor-widget elementor-widget-heading\" data-id=\"c10dc12\" data-element_type=\"widget\" data-e-type=\"widget\" data-widget_type=\"heading.default\">\n\t\t\t\t\t<div class=\"elementor-heading-title elementor-size-default\">Summary<\/div>\t\t\t\t<\/div>\n\t\t\t\t<\/div>\n\t\t\t\t\t<\/div>\n\t\t\t\t<\/div>\n\t\t\t\t<\/div>\n\t\t","protected":false},"excerpt":{"rendered":"<p>Cart Cart &gt; Checkout &gt; Summary Odstrani predmet Predogledna sli\u010dica Izdelek Cena Koli\u010dina Delni znesek &times; \u010cokoladna torta Napis na torti: Naj ti bo \u017eivljenje sladko! 62,00&nbsp;&euro; \u010cokoladna torta&nbsp; koli\u010dina 62,00&nbsp;&euro; Update Total Delni znesek 62,00&nbsp;&euro; Osebni prevzem Osebni prevzem na lokaciji Dostava na IX. Korpus 4, 6330 Piran. Znesek 62,00&nbsp;&euro; (vklju\u010duje 5,38&nbsp;&euro; DDV) Checkout<\/p>\n","protected":false},"author":1,"featured_media":0,"parent":0,"menu_order":0,"comment_status":"closed","ping_status":"closed","template":"","meta":{"_acf_changed":false,"footnotes":""},"class_list":["post-1668","page","type-page","status-publish","hentry"],"acf":[],"_links":{"self":[{"href":"https:\/\/cacao.si\/en\/wp-json\/wp\/v2\/pages\/1668","targetHints":{"allow":["GET"]}}],"collection":[{"href":"https:\/\/cacao.si\/en\/wp-json\/wp\/v2\/pages"}],"about":[{"href":"https:\/\/cacao.si\/en\/wp-json\/wp\/v2\/types\/page"}],"author":[{"embeddable":true,"href":"https:\/\/cacao.si\/en\/wp-json\/wp\/v2\/users\/1"}],"replies":[{"embeddable":true,"href":"https:\/\/cacao.si\/en\/wp-json\/wp\/v2\/comments?post=1668"}],"version-history":[{"count":7,"href":"https:\/\/cacao.si\/en\/wp-json\/wp\/v2\/pages\/1668\/revisions"}],"predecessor-version":[{"id":3694,"href":"https:\/\/cacao.si\/en\/wp-json\/wp\/v2\/pages\/1668\/revisions\/3694"}],"wp:attachment":[{"href":"https:\/\/cacao.si\/en\/wp-json\/wp\/v2\/media?parent=1668"}],"curies":[{"name":"wp","href":"https:\/\/api.w.org\/{rel}","templated":true}]}}